{"id":1380,"date":"2023-03-01T06:32:03","date_gmt":"2023-03-01T06:32:03","guid":{"rendered":"https:\/\/www.alessandramilano.com\/?page_id=1380"},"modified":"2024-06-29T09:28:19","modified_gmt":"2024-06-29T09:28:19","slug":"condizioni-generali","status":"publish","type":"page","link":"https:\/\/www.alessandramilano.com\/it\/general-condition\/","title":{"rendered":"Condizioni generali"},"content":{"rendered":"<div data-elementor-type=\"wp-page\" data-elementor-id=\"1380\" class=\"elementor elementor-1380\" data-elementor-post-type=\"page\">\n\t\t\t\t\t\t<section class=\"elementor-section elementor-top-section elementor-element elementor-element-008e9f1 elementor-section-boxed elementor-section-height-default elementor-section-height-default\" data-id=\"008e9f1\" data-element_type=\"section\" data-e-type=\"section\">\n\t\t\t\t\t\t<div class=\"elementor-container elementor-column-gap-default\">\n\t\t\t\t\t<div class=\"elementor-column elementor-col-100 elementor-top-column elementor-element elementor-element-116f9b5\" data-id=\"116f9b5\" data-element_type=\"column\" data-e-type=\"column\">\n\t\t\t<div class=\"elementor-widget-wrap elementor-element-populated\">\n\t\t\t\t\t\t<section class=\"elementor-section elementor-inner-section elementor-element elementor-element-55195eb elementor-section-boxed elementor-section-height-default elementor-section-height-default\" data-id=\"55195eb\" data-element_type=\"section\" data-e-type=\"section\">\n\t\t\t\t\t\t<div class=\"elementor-container elementor-column-gap-default\">\n\t\t\t\t\t<div class=\"elementor-column elementor-col-100 elementor-inner-column elementor-element elementor-element-9a3e1ca\" data-id=\"9a3e1ca\" data-element_type=\"column\" data-e-type=\"column\">\n\t\t\t<div class=\"elementor-widget-wrap elementor-element-populated\">\n\t\t\t\t\t\t<div class=\"elementor-element elementor-element-ec8b6ec elementor-widget elementor-widget-heading\" data-id=\"ec8b6ec\" data-element_type=\"widget\" data-e-type=\"widget\" data-widget_type=\"heading.default\">\n\t\t\t\t<div class=\"elementor-widget-container\">\n\t\t\t\t\t<h1 class=\"elementor-heading-title elementor-size-default\">CONDIZIONI GENERALI DI UTILIZZO<\/h1>\t\t\t\t<\/div>\n\t\t\t\t<\/div>\n\t\t\t\t<div class=\"elementor-element elementor-element-458fbdc elementor-widget elementor-widget-text-editor\" data-id=\"458fbdc\" data-element_type=\"widget\" data-e-type=\"widget\" data-widget_type=\"text-editor.default\">\n\t\t\t\t<div class=\"elementor-widget-container\">\n\t\t\t\t\t\t\t\t\t<p class=\"sc-avest iZvAhG pf-9_\" data-pf-type=\"Heading\"><strong><span class=\"sc-hGnimi cpnKBf pf-11_\" data-pf-type=\"Text\">Introduzione<\/span><\/strong><\/p><p class=\"sc-hYQoXb koTnzq pf-12_\" data-pf-type=\"Paragraph\"><span class=\"sc-hGnimi cpnKBf pf-14_\" data-pf-type=\"Text\">Il presente documento contiene le Condizioni Generali d'Uso (di seguito, le CGU) del sito alessandramilano.it (di seguito, il Sito), di propriet\u00e0 di Alessandra Colombo S.r.l. (di seguito, anche, la Societ\u00e0), C.F. e P.IVA 11665200967, con sede legale in Viale Regina Giovanna 9, 20129 Milano.<\/span><\/p><p class=\"sc-avest iZvAhG pf-15_\" data-pf-type=\"Heading\"><span class=\"sc-hGnimi cpnKBf pf-17_\" data-pf-type=\"Text\"><b>Accordo sulla gcu e relazione con le condizioni generali di vendita<\/b><\/span><\/p><p class=\"sc-hYQoXb koTnzq pf-18_\" data-pf-type=\"Paragraph\"><span class=\"sc-hGnimi cpnKBf pf-20_\" data-pf-type=\"Text\">L'accesso e l'utilizzo del sito sono soggetti alle seguenti gcu. di conseguenza, vi invitiamo ad utilizzare il sito solo se intendete aderire a queste condizioni, in quanto solo con l'accesso e l'utilizzo del sito vi \u00e8 l'accettazione implicita di queste condizioni.<br \/>Vi invitiamo pertanto ad astenervi dalla navigazione su questo sito se non intendete aderire a queste condizioni o ad una delle relative sezioni.<br \/>L'acquisto dei prodotti \u00e8 inoltre soggetto all'accettazione delle condizioni generali di vendita.<\/span><\/p><p class=\"sc-avest iZvAhG pf-21_\" data-pf-type=\"Heading\"><span class=\"sc-hGnimi cpnKBf pf-23_\" data-pf-type=\"Text\"><b>Disclaimers, limitazioni di responsabilit\u00e0 e garanzie<\/b><\/span><\/p><p class=\"sc-hYQoXb koTnzq pf-24_\" data-pf-type=\"Paragraph\"><span class=\"sc-hGnimi cpnKBf pf-26_\" data-pf-type=\"Text\">Accedendo al Sito, l'Utente sar\u00e0 l'unico soggetto responsabile dell'utilizzo del Sito e dei suoi contenuti. Alessandra Colombo S.r.l. non si assume alcuna responsabilit\u00e0 per l'eventuale utilizzo da parte di utenti non conformi alle leggi vigenti. In nessun caso Alessandra Colombo S.r.l. potr\u00e0 essere ritenuta responsabile per eventuali danni indiretti, consequenziali, punitivi, speciali o accidentali, o per qualsiasi altro danno derivante dall'accesso, dall'utilizzo o dall'impossibilit\u00e0 di accedere o utilizzare il Sito, i suoi servizi e contenuti, salvo che tali danni derivino da dolo o colpa grave ad essa imputabili.<br \/>Nei limiti consentiti dalla legge, Alessandra Colombo S.r.l. non fornisce garanzie di alcun genere, incluse garanzie sull'accuratezza e completezza dei contenuti pubblicati, garanzie di redditivit\u00e0, idoneit\u00e0 e funzionalit\u00e0, per nessuna delle finalit\u00e0 del Sito. Inoltre, Alessandra Colombo S.r.l. non garantisce che i contenuti del Sito siano appropriati in tutto il mondo.<br \/>La Societ\u00e0 non si assume alcuna responsabilit\u00e0 circa l'esattezza, la completezza e l'attualit\u00e0 dei dati, dei contenuti e delle informazioni possedute o comunque inserite o contenute nel Sito. L'Utente \u00e8 tenuto a verificare, prima dell'acquisto dei Prodotti, l'esattezza delle informazioni contenute nel Sito. Alessandra Colombo S.r.l. declina ogni responsabilit\u00e0 per errori od omissioni derivanti dall'utilizzo dei dati e delle informazioni presenti sul proprio Sito. L'Utente accetta che le comunicazioni ricevute attraverso il Sito, cos\u00ec come le comunicazioni ricevute tramite e-mail o moduli, non sono riservate. Alessandra Colombo S.r.l. non si assume alcuna responsabilit\u00e0 per interruzioni o malfunzionamenti della rete internet o dei servizi di hosting e non garantisce che il Sito o i servizi che rendono disponibile il Sito, o le comunicazioni elettroniche inviate dalla Societ\u00e0, siano esenti da virus o da altri elementi dannosi.<br \/>L'Utente sar\u00e0 l'unico responsabile per qualsiasi danno al proprio sistema informatico o perdita di dati derivante dal download di tale materiale.<br \/>L'Utente \u00e8 responsabile della custodia e del corretto utilizzo delle proprie informazioni personali, comprese le credenziali di accesso ai servizi, e di ogni conseguenza dannosa o pregiudizio alla Societ\u00e0 o a terzi derivante dall'uso improprio, dalla perdita o dal furto di tali informazioni.<\/span><\/p><p class=\"sc-avest iZvAhG pf-27_\" data-pf-type=\"Heading\"><span class=\"sc-hGnimi cpnKBf pf-29_\" data-pf-type=\"Text\"><b>Copyright e diritti di propriet\u00e0 intellettuale<\/b><\/span><\/p><p class=\"sc-hYQoXb koTnzq pf-30_\" data-pf-type=\"Paragraph\"><span class=\"sc-hGnimi cpnKBf pf-32_\" data-pf-type=\"Text\">Tutti i materiali presenti sul Sito (tra cui, a titolo esemplificativo e non esaustivo, pagine web, testi, foto, immagini, grafica, colori, schemi, disegni, modelli, prodotti e layout, metodi, processi, funzioni e software) sono protetti da copyright e\/o da diritti di propriet\u00e0 intellettuale vantati da Alessandra Colombo S.r.l. \u00c8 espressamente vietato scaricare, acquisire, memorizzare (ecc.) immagini, informazioni e contenuti di qualsiasi tipo pubblicati sul Sito, la cui memorizzazione, comunicazione, diffusione e utilizzo, in qualsiasi forma, sono espressamente vietati e potranno avvenire solo previo consenso scritto e per finalit\u00e0 espressamente autorizzate per iscritto da Alessandra Colombo S.r.l.<br \/>Alessandra Colombo S.r.l. \u00e8 titolare e proprietaria del marchio registrato Alessandra Milano. Salvo quanto altrove previsto, \u00e8 vietata la duplicazione del marchio o dei nomi a dominio senza il preventivo consenso scritto della Societ\u00e0.<\/span><\/p><p class=\"sc-avest iZvAhG pf-33_\" data-pf-type=\"Heading\"><span class=\"sc-hGnimi cpnKBf pf-35_\" data-pf-type=\"Text\"><b>Copyright dei diritti di propriet\u00e0 intellettuale di terzi<\/b><\/span><\/p><p class=\"sc-hYQoXb koTnzq pf-36_\" data-pf-type=\"Paragraph\"><span class=\"sc-hGnimi cpnKBf pf-38_\" data-pf-type=\"Text\">Alessandra Colombo S.r.l. tiene in grande considerazione la tutela dei diritti di propriet\u00e0 intellettuale propri e di terzi. Se, visitando il Sito, ritenete che uno dei suoi contenuti abbia violato un vostro diritto di propriet\u00e0 intellettuale, contattateci al seguente indirizzo e-mail:<a href=\"mailto:info@alessandramilano.com\">info@alessandramilano.com<\/a><\/span><\/p><p class=\"sc-avest iZvAhG pf-39_\" data-pf-type=\"Heading\"><span class=\"sc-hGnimi cpnKBf pf-41_\" data-pf-type=\"Text\"><b>Link a siti di terzi<\/b><\/span><\/p><p class=\"sc-hYQoXb koTnzq pf-42_\" data-pf-type=\"Paragraph\"><span class=\"sc-hGnimi cpnKBf pf-44_\" data-pf-type=\"Text\">Il Sito pu\u00f2 contenere link a siti di terzi. Cliccando su questi link, l'Utente lascia il Sito e accede al sito di terzi.<br \/>Nei limiti consentiti dalla legge, Alessandra Colombo S.r.l. non fornisce garanzie di alcun tipo relative a questi siti, ai loro contenuti e servizi e, pertanto, non si assume alcuna responsabilit\u00e0 per l'utilizzo di questi siti.<\/span><\/p><p class=\"sc-avest iZvAhG pf-45_\" data-pf-type=\"Heading\"><span class=\"sc-hGnimi cpnKBf pf-47_\" data-pf-type=\"Text\"><b>Limitazioni di accesso<\/b><\/span><\/p><p class=\"sc-hYQoXb koTnzq pf-48_\" data-pf-type=\"Paragraph\"><span class=\"sc-hGnimi cpnKBf pf-50_\" data-pf-type=\"Text\">Alessandra Colombo S.r.l. si riserva il diritto di limitare, rifiutare o interrompere l'accesso di qualsiasi Utente al Sito o ai suoi servizi, senza preavviso, in qualsiasi momento e a sua esclusiva discrezione.<\/span><\/p><p class=\"sc-avest iZvAhG pf-51_\" data-pf-type=\"Heading\"><span class=\"sc-hGnimi cpnKBf pf-53_\" data-pf-type=\"Text\"><b>Utenti internazionali<\/b><\/span><\/p><p class=\"sc-hYQoXb koTnzq pf-54_\" data-pf-type=\"Paragraph\"><span class=\"sc-hGnimi cpnKBf pf-56_\" data-pf-type=\"Text\">Il Sito \u00e8 destinato ad un uso internazionale. Tuttavia, Alessandra Colombo S.r.l. non fornisce i suoi servizi in alcuni paesi e non garantisce che i suoi Prodotti e servizi siano disponibili in tutto il mondo e\/o alle stesse condizioni.<\/span><\/p><p class=\"sc-avest iZvAhG pf-57_\" data-pf-type=\"Heading\"><span class=\"sc-hGnimi cpnKBf pf-59_\" data-pf-type=\"Text\"><b>Legge applicabile e risoluzione delle controversie<\/b><\/span><\/p><p class=\"sc-hYQoXb koTnzq pf-60_\" data-pf-type=\"Paragraph\"><span class=\"sc-hGnimi cpnKBf pf-62_\" data-pf-type=\"Text\">Nei limiti consentiti dalla legge, le presenti CGU saranno disciplinate dalla legge italiana, con l'esclusione delle norme stabilite dal diritto internazionale privato.<br \/>Nei limiti consentiti dalla legge, qualsiasi controversia, reclamo o azione che possa sorgere in relazione alla redazione, all'esecuzione, alla violazione e alla perdita di validit\u00e0 o efficacia delle presenti CGU sar\u00e0 soggetta alla giurisdizione esclusiva del Tribunale di Milano, con l'esclusione di qualsiasi foro concorrente o alternativo (se esistente).<\/span><\/p>\t\t\t\t\t\t\t\t<\/div>\n\t\t\t\t<\/div>\n\t\t\t\t\t<\/div>\n\t\t<\/div>\n\t\t\t\t\t<\/div>\n\t\t<\/section>\n\t\t\t\t\t<\/div>\n\t\t<\/div>\n\t\t\t\t\t<\/div>\n\t\t<\/section>\n\t\t\t\t<\/div>","protected":false},"excerpt":{"rendered":"<p>GENERAL CONDITIONS OF USE Introduction This document contains the General Conditions of Use (hereinafter, the GCU) of the alessandramilano.it site (hereinafter, the Site), owned by Alessandra Colombo S.r.l. (hereinafter, also, the Company), C.F. and VAT number 11665200967, with registered office registered office in Viale Regina Giovanna 9, 20129 Milan. Agreement over the gcu and relationship [&hellip;]<\/p>\n","protected":false},"author":3,"featured_media":0,"parent":0,"menu_order":0,"comment_status":"closed","ping_status":"closed","template":"elementor_header_footer","meta":{"footnotes":""},"class_list":["post-1380","page","type-page","status-publish","hentry"],"yoast_head":"<!-- This site is optimized with the Yoast SEO plugin v27.5 - https:\/\/yoast.com\/product\/yoast-seo-wordpress\/ -->\n<title>General condition - Alessandra Milano<\/title>\n<meta name=\"description\" content=\"Explore our general conditions for a clear understanding of the terms and policies regarding our services. Important information just a click away\" \/>\n<meta name=\"robots\" content=\"index, follow, max-snippet:-1, max-image-preview:large, max-video-preview:-1\" \/>\n<link rel=\"canonical\" href=\"https:\/\/www.alessandramilano.com\/it\/condizioni-generali\/\" \/>\n<meta property=\"og:locale\" content=\"it_IT\" \/>\n<meta property=\"og:type\" content=\"article\" \/>\n<meta property=\"og:title\" content=\"General condition - Alessandra Milano\" \/>\n<meta property=\"og:description\" content=\"Explore our general conditions for a clear understanding of the terms and policies regarding our services. Important information just a click away\" \/>\n<meta property=\"og:url\" content=\"https:\/\/www.alessandramilano.com\/it\/condizioni-generali\/\" \/>\n<meta property=\"og:site_name\" content=\"Alessandra Milano\" \/>\n<meta property=\"article:publisher\" content=\"https:\/\/www.facebook.com\/Alessandramilanoshop\" \/>\n<meta property=\"article:modified_time\" content=\"2024-06-29T09:28:19+00:00\" \/>\n<meta name=\"twitter:card\" content=\"summary_large_image\" \/>\n<meta name=\"twitter:label1\" content=\"Tempo di lettura stimato\" \/>\n\t<meta name=\"twitter:data1\" content=\"5 minuti\" \/>\n<script type=\"application\/ld+json\" class=\"yoast-schema-graph\">{\"@context\":\"https:\\\/\\\/schema.org\",\"@graph\":[{\"@type\":\"WebPage\",\"@id\":\"https:\\\/\\\/www.alessandramilano.com\\\/general-condition\\\/\",\"url\":\"https:\\\/\\\/www.alessandramilano.com\\\/general-condition\\\/\",\"name\":\"General condition - Alessandra Milano\",\"isPartOf\":{\"@id\":\"https:\\\/\\\/www.alessandramilano.com\\\/#website\"},\"datePublished\":\"2023-03-01T06:32:03+00:00\",\"dateModified\":\"2024-06-29T09:28:19+00:00\",\"description\":\"Explore our general conditions for a clear understanding of the terms and policies regarding our services. Important information just a click away\",\"breadcrumb\":{\"@id\":\"https:\\\/\\\/www.alessandramilano.com\\\/general-condition\\\/#breadcrumb\"},\"inLanguage\":\"it-IT\",\"potentialAction\":[{\"@type\":\"ReadAction\",\"target\":[\"https:\\\/\\\/www.alessandramilano.com\\\/general-condition\\\/\"]}]},{\"@type\":\"BreadcrumbList\",\"@id\":\"https:\\\/\\\/www.alessandramilano.com\\\/general-condition\\\/#breadcrumb\",\"itemListElement\":[{\"@type\":\"ListItem\",\"position\":1,\"name\":\"Home\",\"item\":\"https:\\\/\\\/www.alessandramilano.com\\\/\"},{\"@type\":\"ListItem\",\"position\":2,\"name\":\"General Condition\"}]},{\"@type\":\"WebSite\",\"@id\":\"https:\\\/\\\/www.alessandramilano.com\\\/#website\",\"url\":\"https:\\\/\\\/www.alessandramilano.com\\\/\",\"name\":\"Alessandra Milano\",\"description\":\"Comfy can be beautiful as life can be unexpected\",\"publisher\":{\"@id\":\"https:\\\/\\\/www.alessandramilano.com\\\/#organization\"},\"potentialAction\":[{\"@type\":\"SearchAction\",\"target\":{\"@type\":\"EntryPoint\",\"urlTemplate\":\"https:\\\/\\\/www.alessandramilano.com\\\/?s={search_term_string}\"},\"query-input\":{\"@type\":\"PropertyValueSpecification\",\"valueRequired\":true,\"valueName\":\"search_term_string\"}}],\"inLanguage\":\"it-IT\"},{\"@type\":\"Organization\",\"@id\":\"https:\\\/\\\/www.alessandramilano.com\\\/#organization\",\"name\":\"Alessandra Milano\",\"url\":\"https:\\\/\\\/www.alessandramilano.com\\\/\",\"logo\":{\"@type\":\"ImageObject\",\"inLanguage\":\"it-IT\",\"@id\":\"https:\\\/\\\/www.alessandramilano.com\\\/#\\\/schema\\\/logo\\\/image\\\/\",\"url\":\"https:\\\/\\\/www.alessandramilano.com\\\/wp-content\\\/uploads\\\/2023\\\/02\\\/AlessandraMilano.png\",\"contentUrl\":\"https:\\\/\\\/www.alessandramilano.com\\\/wp-content\\\/uploads\\\/2023\\\/02\\\/AlessandraMilano.png\",\"width\":500,\"height\":116,\"caption\":\"Alessandra Milano\"},\"image\":{\"@id\":\"https:\\\/\\\/www.alessandramilano.com\\\/#\\\/schema\\\/logo\\\/image\\\/\"},\"sameAs\":[\"https:\\\/\\\/www.facebook.com\\\/Alessandramilanoshop\",\"https:\\\/\\\/www.instagram.com\\\/alessandramilano\\\/\"]}]}<\/script>\n<!-- \/ Yoast SEO plugin. -->","yoast_head_json":{"title":"Condizioni generali - Alessandra Milano","description":"Esplora le nostre condizioni generali per una chiara comprensione dei termini e delle politiche riguardanti i nostri servizi. Informazioni importanti a portata di clic.","robots":{"index":"index","follow":"follow","max-snippet":"max-snippet:-1","max-image-preview":"max-image-preview:large","max-video-preview":"max-video-preview:-1"},"canonical":"https:\/\/www.alessandramilano.com\/it\/condizioni-generali\/","og_locale":"it_IT","og_type":"article","og_title":"General condition - Alessandra Milano","og_description":"Explore our general conditions for a clear understanding of the terms and policies regarding our services. Important information just a click away","og_url":"https:\/\/www.alessandramilano.com\/it\/condizioni-generali\/","og_site_name":"Alessandra Milano","article_publisher":"https:\/\/www.facebook.com\/Alessandramilanoshop","article_modified_time":"2024-06-29T09:28:19+00:00","twitter_card":"summary_large_image","twitter_misc":{"Tempo di lettura stimato":"5 minuti"},"schema":{"@context":"https:\/\/schema.org","@graph":[{"@type":"WebPage","@id":"https:\/\/www.alessandramilano.com\/general-condition\/","url":"https:\/\/www.alessandramilano.com\/general-condition\/","name":"Condizioni generali - Alessandra Milano","isPartOf":{"@id":"https:\/\/www.alessandramilano.com\/#website"},"datePublished":"2023-03-01T06:32:03+00:00","dateModified":"2024-06-29T09:28:19+00:00","description":"Esplora le nostre condizioni generali per una chiara comprensione dei termini e delle politiche riguardanti i nostri servizi. Informazioni importanti a portata di clic.","breadcrumb":{"@id":"https:\/\/www.alessandramilano.com\/general-condition\/#breadcrumb"},"inLanguage":"it-IT","potentialAction":[{"@type":"ReadAction","target":["https:\/\/www.alessandramilano.com\/general-condition\/"]}]},{"@type":"BreadcrumbList","@id":"https:\/\/www.alessandramilano.com\/general-condition\/#breadcrumb","itemListElement":[{"@type":"ListItem","position":1,"name":"Home","item":"https:\/\/www.alessandramilano.com\/"},{"@type":"ListItem","position":2,"name":"General Condition"}]},{"@type":"WebSite","@id":"https:\/\/www.alessandramilano.com\/#website","url":"https:\/\/www.alessandramilano.com\/","name":"Alessandra Milano","description":"Comfy can be beautiful as life can be unexpected","publisher":{"@id":"https:\/\/www.alessandramilano.com\/#organization"},"potentialAction":[{"@type":"SearchAction","target":{"@type":"EntryPoint","urlTemplate":"https:\/\/www.alessandramilano.com\/?s={search_term_string}"},"query-input":{"@type":"PropertyValueSpecification","valueRequired":true,"valueName":"search_term_string"}}],"inLanguage":"it-IT"},{"@type":"Organization","@id":"https:\/\/www.alessandramilano.com\/#organization","name":"Alessandra Milano","url":"https:\/\/www.alessandramilano.com\/","logo":{"@type":"ImageObject","inLanguage":"it-IT","@id":"https:\/\/www.alessandramilano.com\/#\/schema\/logo\/image\/","url":"https:\/\/www.alessandramilano.com\/wp-content\/uploads\/2023\/02\/AlessandraMilano.png","contentUrl":"https:\/\/www.alessandramilano.com\/wp-content\/uploads\/2023\/02\/AlessandraMilano.png","width":500,"height":116,"caption":"Alessandra Milano"},"image":{"@id":"https:\/\/www.alessandramilano.com\/#\/schema\/logo\/image\/"},"sameAs":["https:\/\/www.facebook.com\/Alessandramilanoshop","https:\/\/www.instagram.com\/alessandramilano\/"]}]}},"_links":{"self":[{"href":"https:\/\/www.alessandramilano.com\/it\/wp-json\/wp\/v2\/pages\/1380","targetHints":{"allow":["GET"]}}],"collection":[{"href":"https:\/\/www.alessandramilano.com\/it\/wp-json\/wp\/v2\/pages"}],"about":[{"href":"https:\/\/www.alessandramilano.com\/it\/wp-json\/wp\/v2\/types\/page"}],"author":[{"embeddable":true,"href":"https:\/\/www.alessandramilano.com\/it\/wp-json\/wp\/v2\/users\/3"}],"replies":[{"embeddable":true,"href":"https:\/\/www.alessandramilano.com\/it\/wp-json\/wp\/v2\/comments?post=1380"}],"version-history":[{"count":42,"href":"https:\/\/www.alessandramilano.com\/it\/wp-json\/wp\/v2\/pages\/1380\/revisions"}],"predecessor-version":[{"id":7689,"href":"https:\/\/www.alessandramilano.com\/it\/wp-json\/wp\/v2\/pages\/1380\/revisions\/7689"}],"wp:attachment":[{"href":"https:\/\/www.alessandramilano.com\/it\/wp-json\/wp\/v2\/media?parent=1380"}],"curies":[{"name":"wp","href":"https:\/\/api.w.org\/{rel}","templated":true}]}}