{"id":18,"date":"2023-02-18T21:48:56","date_gmt":"2023-02-18T21:48:56","guid":{"rendered":"https:\/\/www.alessandramilano.com\/?page_id=18"},"modified":"2024-06-29T09:24:49","modified_gmt":"2024-06-29T09:24:49","slug":"about","status":"publish","type":"page","link":"https:\/\/www.alessandramilano.com\/it\/about\/","title":{"rendered":"ABOUT"},"content":{"rendered":"<div data-elementor-type=\"wp-page\" data-elementor-id=\"18\" class=\"elementor elementor-18\" data-elementor-post-type=\"page\">\n\t\t\t\t\t\t<section class=\"elementor-section elementor-top-section elementor-element elementor-element-1fa6e9f elementor-section-boxed elementor-section-height-default elementor-section-height-default\" data-id=\"1fa6e9f\" data-element_type=\"section\" data-e-type=\"section\">\n\t\t\t\t\t\t<div class=\"elementor-container elementor-column-gap-default\">\n\t\t\t\t\t<div class=\"elementor-column elementor-col-100 elementor-top-column elementor-element elementor-element-930b96b\" data-id=\"930b96b\" data-element_type=\"column\" data-e-type=\"column\">\n\t\t\t<div class=\"elementor-widget-wrap elementor-element-populated\">\n\t\t\t\t\t\t<div class=\"elementor-element elementor-element-61a77b1 elementor-widget elementor-widget-text-editor\" data-id=\"61a77b1\" data-element_type=\"widget\" data-e-type=\"widget\" data-widget_type=\"text-editor.default\">\n\t\t\t\t<div class=\"elementor-widget-container\">\n\t\t\t\t\t\t\t\t\t<p class=\"sc-hYQoXb koTnzq pf-6_ pf-sm-hide pf-hide\" data-pf-type=\"Paragraph\"><span class=\"sc-hGnimi cpnKBf pf-8_\" data-pf-type=\"Text\">La vita \u00e8 una sequenza di piccoli momenti, i giorni segnati dallo scorrere del tempo.<br \/>Di fretta. Sempre occupato. La nostra routine. Le nostre agende sempre piene. Tutto \u00e8 pianificato. Niente \u00e8 lasciato al caso.<br \/>Ma la vita non \u00e8 sempre lineare. Ha un suo modo di muoversi. Spesso in modo inaspettato. Ed \u00e8 l\u00ec che nascono le cose migliori.<br \/>Per questo pensiamo e creiamo scarpe che ti accompagnano durante la giornata. L'unione di comfort e stile per farti godere l'inaspettato. S\u00ec, anche una scarpa comoda pu\u00f2 avere un tacco. E una scarpa elegante pu\u00f2 essere comoda. Noi ci crediamo. L'abbiamo fatto. Viviamo nel trambusto di Milano, la nostra casa, e sappiamo cosa serve per essere sempre pronti a un cambio di programma per vivere al meglio la nostra vita.<\/span><\/p>\t\t\t\t\t\t\t\t<\/div>\n\t\t\t\t<\/div>\n\t\t\t\t<div class=\"elementor-element elementor-element-3ff1fc5 elementor-widget elementor-widget-heading\" data-id=\"3ff1fc5\" data-element_type=\"widget\" data-e-type=\"widget\" data-widget_type=\"heading.default\">\n\t\t\t\t<div class=\"elementor-widget-container\">\n\t\t\t\t\t<h1 class=\"elementor-heading-title elementor-size-default\">\"COMFY CAN BE BEAUTIFUL AS LIFE CAN BE UNEXPECTED.\"<\/h1>\t\t\t\t<\/div>\n\t\t\t\t<\/div>\n\t\t\t\t<div class=\"elementor-element elementor-element-b13f323 elementor-widget-divider--view-line elementor-widget elementor-widget-divider\" data-id=\"b13f323\" data-element_type=\"widget\" data-e-type=\"widget\" data-widget_type=\"divider.default\">\n\t\t\t\t<div class=\"elementor-widget-container\">\n\t\t\t\t\t\t\t<div class=\"elementor-divider\">\n\t\t\t<span class=\"elementor-divider-separator\">\n\t\t\t\t\t\t<\/span>\n\t\t<\/div>\n\t\t\t\t\t\t<\/div>\n\t\t\t\t<\/div>\n\t\t\t\t\t<\/div>\n\t\t<\/div>\n\t\t\t\t\t<\/div>\n\t\t<\/section>\n\t\t\t\t<section class=\"elementor-section elementor-top-section elementor-element elementor-element-120e034 elementor-section-content-middle elementor-reverse-mobile elementor-section-boxed elementor-section-height-default elementor-section-height-default\" data-id=\"120e034\" data-element_type=\"section\" data-e-type=\"section\">\n\t\t\t\t\t\t<div class=\"elementor-container elementor-column-gap-wider\">\n\t\t\t\t\t<div class=\"elementor-column elementor-col-50 elementor-top-column elementor-element elementor-element-5e1a851\" data-id=\"5e1a851\" data-element_type=\"column\" data-e-type=\"column\">\n\t\t\t<div class=\"elementor-widget-wrap elementor-element-populated\">\n\t\t\t\t\t\t<div class=\"elementor-element elementor-element-de6c3cd elementor-widget elementor-widget-heading\" data-id=\"de6c3cd\" data-element_type=\"widget\" data-e-type=\"widget\" data-widget_type=\"heading.default\">\n\t\t\t\t<div class=\"elementor-widget-container\">\n\t\t\t\t\t<h1 class=\"elementor-heading-title elementor-size-default\">BRAND<\/h1>\t\t\t\t<\/div>\n\t\t\t\t<\/div>\n\t\t\t\t<div class=\"elementor-element elementor-element-d8e762c elementor-widget elementor-widget-text-editor\" data-id=\"d8e762c\" data-element_type=\"widget\" data-e-type=\"widget\" data-widget_type=\"text-editor.default\">\n\t\t\t\t<div class=\"elementor-widget-container\">\n\t\t\t\t\t\t\t\t\t<p>Alessandra Milano prende forma dalla semplice idea di voler creare calzature raffinate, sensuali e allo stesso tempo estremamente confortevoli. Ogni scarpa vuole essere una totalecelebrazione del made in Italy, essendo realizzate interamente a mano in uno dei centri pi\u00f9 rinomati dell\u2019artigianalit\u00e0 italiana, Vigevano. Curate in ogni dettaglio, le scarpe di Alessandra Milano seducono con le proprie forme lineari volte a celebrare la sensualit\u00e0 femminile.\nL\u2019elevatissima qualit\u00e0 dei materiali prescelti si unisce ad un notevole comfort di vestibilit\u00e0 grazie alla presenza del memory foam, rendendo cos\u00ec ogni calzatura perfetta per ogni occasione.<\/p>\t\t\t\t\t\t\t\t<\/div>\n\t\t\t\t<\/div>\n\t\t\t\t\t<\/div>\n\t\t<\/div>\n\t\t\t\t<div class=\"elementor-column elementor-col-50 elementor-top-column elementor-element elementor-element-b73f0f7\" data-id=\"b73f0f7\" data-element_type=\"column\" data-e-type=\"column\">\n\t\t\t<div class=\"elementor-widget-wrap elementor-element-populated\">\n\t\t\t\t\t\t<div class=\"elementor-element elementor-element-3dd990d elementor-widget elementor-widget-image\" data-id=\"3dd990d\" data-element_type=\"widget\" data-e-type=\"widget\" data-widget_type=\"image.default\">\n\t\t\t\t<div class=\"elementor-widget-container\">\n\t\t\t\t\t\t\t\t\t\t\t\t\t\t\t<img fetchpriority=\"high\" decoding=\"async\" width=\"800\" height=\"519\" src=\"https:\/\/www.alessandramilano.com\/wp-content\/uploads\/2023\/03\/couture2-1636914976804-1024x664.webp\" class=\"attachment-large size-large wp-image-4371\" alt=\"Stivale Spritz nero indossato\" srcset=\"https:\/\/www.alessandramilano.com\/wp-content\/uploads\/2023\/03\/couture2-1636914976804-1024x664.webp 1024w, https:\/\/www.alessandramilano.com\/wp-content\/uploads\/2023\/03\/couture2-1636914976804-300x195.webp 300w, https:\/\/www.alessandramilano.com\/wp-content\/uploads\/2023\/03\/couture2-1636914976804-768x498.webp 768w, https:\/\/www.alessandramilano.com\/wp-content\/uploads\/2023\/03\/couture2-1636914976804.webp 1500w\" sizes=\"(max-width: 800px) 100vw, 800px\" \/>\t\t\t\t\t\t\t\t\t\t\t\t\t\t\t<\/div>\n\t\t\t\t<\/div>\n\t\t\t\t\t<\/div>\n\t\t<\/div>\n\t\t\t\t\t<\/div>\n\t\t<\/section>\n\t\t\t\t<section class=\"elementor-section elementor-top-section elementor-element elementor-element-959a1f0 elementor-section-content-middle elementor-section-boxed elementor-section-height-default elementor-section-height-default\" data-id=\"959a1f0\" data-element_type=\"section\" data-e-type=\"section\">\n\t\t\t\t\t\t<div class=\"elementor-container elementor-column-gap-wider\">\n\t\t\t\t\t<div class=\"elementor-column elementor-col-50 elementor-top-column elementor-element elementor-element-0d634ff\" data-id=\"0d634ff\" data-element_type=\"column\" data-e-type=\"column\">\n\t\t\t<div class=\"elementor-widget-wrap elementor-element-populated\">\n\t\t\t\t\t\t<div class=\"elementor-element elementor-element-9edf858 elementor-hidden-desktop elementor-hidden-tablet elementor-widget-divider--view-line elementor-widget elementor-widget-divider\" data-id=\"9edf858\" data-element_type=\"widget\" data-e-type=\"widget\" data-widget_type=\"divider.default\">\n\t\t\t\t<div class=\"elementor-widget-container\">\n\t\t\t\t\t\t\t<div class=\"elementor-divider\">\n\t\t\t<span class=\"elementor-divider-separator\">\n\t\t\t\t\t\t<\/span>\n\t\t<\/div>\n\t\t\t\t\t\t<\/div>\n\t\t\t\t<\/div>\n\t\t\t\t<div class=\"elementor-element elementor-element-0f0e68c elementor-widget elementor-widget-image\" data-id=\"0f0e68c\" data-element_type=\"widget\" data-e-type=\"widget\" data-widget_type=\"image.default\">\n\t\t\t\t<div class=\"elementor-widget-container\">\n\t\t\t\t\t\t\t\t\t\t\t\t\t\t\t<img decoding=\"async\" width=\"800\" height=\"534\" src=\"https:\/\/www.alessandramilano.com\/wp-content\/uploads\/2023\/03\/pf6013fe7balessandracolomboaboutme-1637341417712-1024x683.webp\" class=\"attachment-large size-large wp-image-4375\" alt=\"Alessandra Colombo circondata dalle scarpe da lei ideate\" srcset=\"https:\/\/www.alessandramilano.com\/wp-content\/uploads\/2023\/03\/pf6013fe7balessandracolomboaboutme-1637341417712-1024x683.webp 1024w, https:\/\/www.alessandramilano.com\/wp-content\/uploads\/2023\/03\/pf6013fe7balessandracolomboaboutme-1637341417712-300x200.webp 300w, https:\/\/www.alessandramilano.com\/wp-content\/uploads\/2023\/03\/pf6013fe7balessandracolomboaboutme-1637341417712-768x512.webp 768w, https:\/\/www.alessandramilano.com\/wp-content\/uploads\/2023\/03\/pf6013fe7balessandracolomboaboutme-1637341417712.webp 1500w\" sizes=\"(max-width: 800px) 100vw, 800px\" \/>\t\t\t\t\t\t\t\t\t\t\t\t\t\t\t<\/div>\n\t\t\t\t<\/div>\n\t\t\t\t\t<\/div>\n\t\t<\/div>\n\t\t\t\t<div class=\"elementor-column elementor-col-50 elementor-top-column elementor-element elementor-element-eada02b\" data-id=\"eada02b\" data-element_type=\"column\" data-e-type=\"column\">\n\t\t\t<div class=\"elementor-widget-wrap elementor-element-populated\">\n\t\t\t\t\t\t<div class=\"elementor-element elementor-element-9138d1d elementor-widget elementor-widget-heading\" data-id=\"9138d1d\" data-element_type=\"widget\" data-e-type=\"widget\" data-widget_type=\"heading.default\">\n\t\t\t\t<div class=\"elementor-widget-container\">\n\t\t\t\t\t<h1 class=\"elementor-heading-title elementor-size-default\">La designer<\/h1>\t\t\t\t<\/div>\n\t\t\t\t<\/div>\n\t\t\t\t<div class=\"elementor-element elementor-element-60b9b83 elementor-widget elementor-widget-text-editor\" data-id=\"60b9b83\" data-element_type=\"widget\" data-e-type=\"widget\" data-widget_type=\"text-editor.default\">\n\t\t\t\t<div class=\"elementor-widget-container\">\n\t\t\t\t\t\t\t\t\t<p>Alessandra Colombo \u00e8 una giovane stilista milanese con un grande amore per le calzature di ogni genere. Laureatasi all\u2019istituto Marangoni ha proseguito i suoi studi ottenendo un Master al Polimoda dove realizza il suo primo paio di scarpe. Alessandra Milano vuole essere espressione viva di quanto la moda rappresenta per la giovane stilista: eleganza, artigianalit\u00e0, sensualit\u00e0 e carattere.<\/p>\t\t\t\t\t\t\t\t<\/div>\n\t\t\t\t<\/div>\n\t\t\t\t\t<\/div>\n\t\t<\/div>\n\t\t\t\t\t<\/div>\n\t\t<\/section>\n\t\t\t\t<section class=\"elementor-section elementor-top-section elementor-element elementor-element-30fb099 elementor-section-content-middle elementor-reverse-mobile elementor-section-boxed elementor-section-height-default elementor-section-height-default\" data-id=\"30fb099\" data-element_type=\"section\" data-e-type=\"section\">\n\t\t\t\t\t\t<div class=\"elementor-container elementor-column-gap-wider\">\n\t\t\t\t\t<div class=\"elementor-column elementor-col-50 elementor-top-column elementor-element elementor-element-f8d3b24\" data-id=\"f8d3b24\" data-element_type=\"column\" data-e-type=\"column\">\n\t\t\t<div class=\"elementor-widget-wrap elementor-element-populated\">\n\t\t\t\t\t\t<div class=\"elementor-element elementor-element-7992719 elementor-widget elementor-widget-heading\" data-id=\"7992719\" data-element_type=\"widget\" data-e-type=\"widget\" data-widget_type=\"heading.default\">\n\t\t\t\t<div class=\"elementor-widget-container\">\n\t\t\t\t\t<h1 class=\"elementor-heading-title elementor-size-default\">couture<\/h1>\t\t\t\t<\/div>\n\t\t\t\t<\/div>\n\t\t\t\t<div class=\"elementor-element elementor-element-a333c04 elementor-widget elementor-widget-text-editor\" data-id=\"a333c04\" data-element_type=\"widget\" data-e-type=\"widget\" data-widget_type=\"text-editor.default\">\n\t\t\t\t<div class=\"elementor-widget-container\">\n\t\t\t\t\t\t\t\t\tI valori che contraddistinguono le calzature Alessandra Milano sono l\u2019artigianalit\u00e0 italiana, l\u2019elevatissima qualit\u00e0 dei materiali, l\u2019eleganza e la comodit\u00e0. Il servizio couture vuole essere l\u2019espressione massima del brand nella ricercatezza dei dettagli, dando una totale libert\u00e0 ai clienti nel realizzare la propria calzatura su misura in linea con qualsiasi esigenza e richiesta. La scarpa, dopo un\u2019attenta scelta della forma, dei materiali e accessori sar\u00e0 realizzata interamente a mano; creando cos\u00ec un oggetto unico, inconfondibile, che rispecchier\u00e0 in ogni suo dettaglio i valori e le esigenze del cliente. La visione di un\u2019idea che magistralmente diventa realt\u00e0 grazie alla passione e alla forte volont\u00e0 di offrire ai propri clienti un servizio esclusivo, coinvolgente e affascinante.\t\t\t\t\t\t\t\t<\/div>\n\t\t\t\t<\/div>\n\t\t\t\t\t<\/div>\n\t\t<\/div>\n\t\t\t\t<div class=\"elementor-column elementor-col-50 elementor-top-column elementor-element elementor-element-916413a\" data-id=\"916413a\" data-element_type=\"column\" data-e-type=\"column\">\n\t\t\t<div class=\"elementor-widget-wrap elementor-element-populated\">\n\t\t\t\t\t\t<div class=\"elementor-element elementor-element-c05f89e elementor-hidden-desktop elementor-hidden-tablet elementor-widget-divider--view-line elementor-widget elementor-widget-divider\" data-id=\"c05f89e\" data-element_type=\"widget\" data-e-type=\"widget\" data-widget_type=\"divider.default\">\n\t\t\t\t<div class=\"elementor-widget-container\">\n\t\t\t\t\t\t\t<div class=\"elementor-divider\">\n\t\t\t<span class=\"elementor-divider-separator\">\n\t\t\t\t\t\t<\/span>\n\t\t<\/div>\n\t\t\t\t\t\t<\/div>\n\t\t\t\t<\/div>\n\t\t\t\t<div class=\"elementor-element elementor-element-4b4373d elementor-widget elementor-widget-image\" data-id=\"4b4373d\" data-element_type=\"widget\" data-e-type=\"widget\" data-widget_type=\"image.default\">\n\t\t\t\t<div class=\"elementor-widget-container\">\n\t\t\t\t\t\t\t\t\t\t\t\t\t\t\t<img decoding=\"async\" width=\"800\" height=\"519\" src=\"https:\/\/www.alessandramilano.com\/wp-content\/uploads\/2023\/03\/couture-1636915047708-1024x664.webp\" class=\"attachment-large size-large wp-image-4377\" alt=\"Alessandra Milano - dedica dei parenti per Alessandra e il suo percorso\" srcset=\"https:\/\/www.alessandramilano.com\/wp-content\/uploads\/2023\/03\/couture-1636915047708-1024x664.webp 1024w, https:\/\/www.alessandramilano.com\/wp-content\/uploads\/2023\/03\/couture-1636915047708-300x195.webp 300w, https:\/\/www.alessandramilano.com\/wp-content\/uploads\/2023\/03\/couture-1636915047708-768x498.webp 768w, https:\/\/www.alessandramilano.com\/wp-content\/uploads\/2023\/03\/couture-1636915047708.webp 1500w\" sizes=\"(max-width: 800px) 100vw, 800px\" \/>\t\t\t\t\t\t\t\t\t\t\t\t\t\t\t<\/div>\n\t\t\t\t<\/div>\n\t\t\t\t\t<\/div>\n\t\t<\/div>\n\t\t\t\t\t<\/div>\n\t\t<\/section>\n\t\t\t\t<\/div>","protected":false},"excerpt":{"rendered":"<p>Life is a sequence of small moments, the days marked by the passage of time. In a hurry. Always busy. Our routine. Our diaries always full. Everything is planned. Nothing is left up to chance. But life isn\u2019t always linear. It has its own way of moving. Often unexpectedly. And that\u2019s where the best things [&hellip;]<\/p>\n","protected":false},"author":3,"featured_media":0,"parent":0,"menu_order":0,"comment_status":"closed","ping_status":"closed","template":"elementor_header_footer","meta":{"footnotes":""},"class_list":["post-18","page","type-page","status-publish","hentry"],"yoast_head":"<!-- This site is optimized with the Yoast SEO plugin v27.5 - https:\/\/yoast.com\/product\/yoast-seo-wordpress\/ -->\n<title>About - Alessandra Milano<\/title>\n<meta name=\"description\" content=\"Discover Italian elegance with Alessandra Milano shoes. Refined, sensual and comfortable, each model is a celebration of Made in Italy craftsmanship. Explore the collection and let yourself be seduced by femininity. Buy now!\" \/>\n<meta name=\"robots\" content=\"index, follow, max-snippet:-1, max-image-preview:large, max-video-preview:-1\" \/>\n<link rel=\"canonical\" href=\"https:\/\/www.alessandramilano.com\/it\/about\/\" \/>\n<meta property=\"og:locale\" content=\"it_IT\" \/>\n<meta property=\"og:type\" content=\"article\" \/>\n<meta property=\"og:title\" content=\"About - Alessandra Milano\" \/>\n<meta property=\"og:description\" content=\"Discover Italian elegance with Alessandra Milano shoes. Refined, sensual and comfortable, each model is a celebration of Made in Italy craftsmanship. Explore the collection and let yourself be seduced by femininity. Buy now!\" \/>\n<meta property=\"og:url\" content=\"https:\/\/www.alessandramilano.com\/it\/about\/\" \/>\n<meta property=\"og:site_name\" content=\"Alessandra Milano\" \/>\n<meta property=\"article:publisher\" content=\"https:\/\/www.facebook.com\/Alessandramilanoshop\" \/>\n<meta property=\"article:modified_time\" content=\"2024-06-29T09:24:49+00:00\" \/>\n<meta property=\"og:image\" content=\"https:\/\/www.alessandramilano.com\/wp-content\/uploads\/2023\/03\/couture2-1636914976804-1024x664.webp\" \/>\n<meta name=\"twitter:card\" content=\"summary_large_image\" \/>\n<meta name=\"twitter:label1\" content=\"Tempo di lettura stimato\" \/>\n\t<meta name=\"twitter:data1\" content=\"3 minuti\" \/>\n<script type=\"application\/ld+json\" class=\"yoast-schema-graph\">{\"@context\":\"https:\\\/\\\/schema.org\",\"@graph\":[{\"@type\":\"WebPage\",\"@id\":\"https:\\\/\\\/www.alessandramilano.com\\\/about\\\/\",\"url\":\"https:\\\/\\\/www.alessandramilano.com\\\/about\\\/\",\"name\":\"About - Alessandra Milano\",\"isPartOf\":{\"@id\":\"https:\\\/\\\/www.alessandramilano.com\\\/#website\"},\"primaryImageOfPage\":{\"@id\":\"https:\\\/\\\/www.alessandramilano.com\\\/about\\\/#primaryimage\"},\"image\":{\"@id\":\"https:\\\/\\\/www.alessandramilano.com\\\/about\\\/#primaryimage\"},\"thumbnailUrl\":\"https:\\\/\\\/www.alessandramilano.com\\\/wp-content\\\/uploads\\\/2023\\\/03\\\/couture2-1636914976804-1024x664.webp\",\"datePublished\":\"2023-02-18T21:48:56+00:00\",\"dateModified\":\"2024-06-29T09:24:49+00:00\",\"description\":\"Discover Italian elegance with Alessandra Milano shoes. Refined, sensual and comfortable, each model is a celebration of Made in Italy craftsmanship. Explore the collection and let yourself be seduced by femininity. Buy now!\",\"breadcrumb\":{\"@id\":\"https:\\\/\\\/www.alessandramilano.com\\\/about\\\/#breadcrumb\"},\"inLanguage\":\"it-IT\",\"potentialAction\":[{\"@type\":\"ReadAction\",\"target\":[\"https:\\\/\\\/www.alessandramilano.com\\\/about\\\/\"]}]},{\"@type\":\"ImageObject\",\"inLanguage\":\"it-IT\",\"@id\":\"https:\\\/\\\/www.alessandramilano.com\\\/about\\\/#primaryimage\",\"url\":\"https:\\\/\\\/www.alessandramilano.com\\\/wp-content\\\/uploads\\\/2023\\\/03\\\/couture2-1636914976804-1024x664.webp\",\"contentUrl\":\"https:\\\/\\\/www.alessandramilano.com\\\/wp-content\\\/uploads\\\/2023\\\/03\\\/couture2-1636914976804-1024x664.webp\"},{\"@type\":\"BreadcrumbList\",\"@id\":\"https:\\\/\\\/www.alessandramilano.com\\\/about\\\/#breadcrumb\",\"itemListElement\":[{\"@type\":\"ListItem\",\"position\":1,\"name\":\"Home\",\"item\":\"https:\\\/\\\/www.alessandramilano.com\\\/\"},{\"@type\":\"ListItem\",\"position\":2,\"name\":\"About\"}]},{\"@type\":\"WebSite\",\"@id\":\"https:\\\/\\\/www.alessandramilano.com\\\/#website\",\"url\":\"https:\\\/\\\/www.alessandramilano.com\\\/\",\"name\":\"Alessandra Milano\",\"description\":\"Comfy can be beautiful as life can be unexpected\",\"publisher\":{\"@id\":\"https:\\\/\\\/www.alessandramilano.com\\\/#organization\"},\"potentialAction\":[{\"@type\":\"SearchAction\",\"target\":{\"@type\":\"EntryPoint\",\"urlTemplate\":\"https:\\\/\\\/www.alessandramilano.com\\\/?s={search_term_string}\"},\"query-input\":{\"@type\":\"PropertyValueSpecification\",\"valueRequired\":true,\"valueName\":\"search_term_string\"}}],\"inLanguage\":\"it-IT\"},{\"@type\":\"Organization\",\"@id\":\"https:\\\/\\\/www.alessandramilano.com\\\/#organization\",\"name\":\"Alessandra Milano\",\"url\":\"https:\\\/\\\/www.alessandramilano.com\\\/\",\"logo\":{\"@type\":\"ImageObject\",\"inLanguage\":\"it-IT\",\"@id\":\"https:\\\/\\\/www.alessandramilano.com\\\/#\\\/schema\\\/logo\\\/image\\\/\",\"url\":\"https:\\\/\\\/www.alessandramilano.com\\\/wp-content\\\/uploads\\\/2023\\\/02\\\/AlessandraMilano.png\",\"contentUrl\":\"https:\\\/\\\/www.alessandramilano.com\\\/wp-content\\\/uploads\\\/2023\\\/02\\\/AlessandraMilano.png\",\"width\":500,\"height\":116,\"caption\":\"Alessandra Milano\"},\"image\":{\"@id\":\"https:\\\/\\\/www.alessandramilano.com\\\/#\\\/schema\\\/logo\\\/image\\\/\"},\"sameAs\":[\"https:\\\/\\\/www.facebook.com\\\/Alessandramilanoshop\",\"https:\\\/\\\/www.instagram.com\\\/alessandramilano\\\/\"]}]}<\/script>\n<!-- \/ Yoast SEO plugin. -->","yoast_head_json":{"title":"About - Alessandra Milano","description":"Scopri l'eleganza italiana con le scarpe Alessandra Milano. Raffinato, sensuale e confortevole, ogni modello \u00e8 una celebrazione dell'artigianalit\u00e0 Made in Italy. Esplora la collezione e lasciati sedurre dalla femminilit\u00e0. Acquista ora!","robots":{"index":"index","follow":"follow","max-snippet":"max-snippet:-1","max-image-preview":"max-image-preview:large","max-video-preview":"max-video-preview:-1"},"canonical":"https:\/\/www.alessandramilano.com\/it\/about\/","og_locale":"it_IT","og_type":"article","og_title":"About - Alessandra Milano","og_description":"Discover Italian elegance with Alessandra Milano shoes. Refined, sensual and comfortable, each model is a celebration of Made in Italy craftsmanship. Explore the collection and let yourself be seduced by femininity. Buy now!","og_url":"https:\/\/www.alessandramilano.com\/it\/about\/","og_site_name":"Alessandra Milano","article_publisher":"https:\/\/www.facebook.com\/Alessandramilanoshop","article_modified_time":"2024-06-29T09:24:49+00:00","og_image":[{"url":"https:\/\/www.alessandramilano.com\/wp-content\/uploads\/2023\/03\/couture2-1636914976804-1024x664.webp","type":"","width":"","height":""}],"twitter_card":"summary_large_image","twitter_misc":{"Tempo di lettura stimato":"3 minuti"},"schema":{"@context":"https:\/\/schema.org","@graph":[{"@type":"WebPage","@id":"https:\/\/www.alessandramilano.com\/about\/","url":"https:\/\/www.alessandramilano.com\/about\/","name":"About - Alessandra Milano","isPartOf":{"@id":"https:\/\/www.alessandramilano.com\/#website"},"primaryImageOfPage":{"@id":"https:\/\/www.alessandramilano.com\/about\/#primaryimage"},"image":{"@id":"https:\/\/www.alessandramilano.com\/about\/#primaryimage"},"thumbnailUrl":"https:\/\/www.alessandramilano.com\/wp-content\/uploads\/2023\/03\/couture2-1636914976804-1024x664.webp","datePublished":"2023-02-18T21:48:56+00:00","dateModified":"2024-06-29T09:24:49+00:00","description":"Scopri l'eleganza italiana con le scarpe Alessandra Milano. Raffinato, sensuale e confortevole, ogni modello \u00e8 una celebrazione dell'artigianalit\u00e0 Made in Italy. Esplora la collezione e lasciati sedurre dalla femminilit\u00e0. Acquista ora!","breadcrumb":{"@id":"https:\/\/www.alessandramilano.com\/about\/#breadcrumb"},"inLanguage":"it-IT","potentialAction":[{"@type":"ReadAction","target":["https:\/\/www.alessandramilano.com\/about\/"]}]},{"@type":"ImageObject","inLanguage":"it-IT","@id":"https:\/\/www.alessandramilano.com\/about\/#primaryimage","url":"https:\/\/www.alessandramilano.com\/wp-content\/uploads\/2023\/03\/couture2-1636914976804-1024x664.webp","contentUrl":"https:\/\/www.alessandramilano.com\/wp-content\/uploads\/2023\/03\/couture2-1636914976804-1024x664.webp"},{"@type":"BreadcrumbList","@id":"https:\/\/www.alessandramilano.com\/about\/#breadcrumb","itemListElement":[{"@type":"ListItem","position":1,"name":"Home","item":"https:\/\/www.alessandramilano.com\/"},{"@type":"ListItem","position":2,"name":"About"}]},{"@type":"WebSite","@id":"https:\/\/www.alessandramilano.com\/#website","url":"https:\/\/www.alessandramilano.com\/","name":"Alessandra Milano","description":"Comfy can be beautiful as life can be unexpected","publisher":{"@id":"https:\/\/www.alessandramilano.com\/#organization"},"potentialAction":[{"@type":"SearchAction","target":{"@type":"EntryPoint","urlTemplate":"https:\/\/www.alessandramilano.com\/?s={search_term_string}"},"query-input":{"@type":"PropertyValueSpecification","valueRequired":true,"valueName":"search_term_string"}}],"inLanguage":"it-IT"},{"@type":"Organization","@id":"https:\/\/www.alessandramilano.com\/#organization","name":"Alessandra Milano","url":"https:\/\/www.alessandramilano.com\/","logo":{"@type":"ImageObject","inLanguage":"it-IT","@id":"https:\/\/www.alessandramilano.com\/#\/schema\/logo\/image\/","url":"https:\/\/www.alessandramilano.com\/wp-content\/uploads\/2023\/02\/AlessandraMilano.png","contentUrl":"https:\/\/www.alessandramilano.com\/wp-content\/uploads\/2023\/02\/AlessandraMilano.png","width":500,"height":116,"caption":"Alessandra Milano"},"image":{"@id":"https:\/\/www.alessandramilano.com\/#\/schema\/logo\/image\/"},"sameAs":["https:\/\/www.facebook.com\/Alessandramilanoshop","https:\/\/www.instagram.com\/alessandramilano\/"]}]}},"_links":{"self":[{"href":"https:\/\/www.alessandramilano.com\/it\/wp-json\/wp\/v2\/pages\/18","targetHints":{"allow":["GET"]}}],"collection":[{"href":"https:\/\/www.alessandramilano.com\/it\/wp-json\/wp\/v2\/pages"}],"about":[{"href":"https:\/\/www.alessandramilano.com\/it\/wp-json\/wp\/v2\/types\/page"}],"author":[{"embeddable":true,"href":"https:\/\/www.alessandramilano.com\/it\/wp-json\/wp\/v2\/users\/3"}],"replies":[{"embeddable":true,"href":"https:\/\/www.alessandramilano.com\/it\/wp-json\/wp\/v2\/comments?post=18"}],"version-history":[{"count":61,"href":"https:\/\/www.alessandramilano.com\/it\/wp-json\/wp\/v2\/pages\/18\/revisions"}],"predecessor-version":[{"id":10269,"href":"https:\/\/www.alessandramilano.com\/it\/wp-json\/wp\/v2\/pages\/18\/revisions\/10269"}],"wp:attachment":[{"href":"https:\/\/www.alessandramilano.com\/it\/wp-json\/wp\/v2\/media?parent=18"}],"curies":[{"name":"wp","href":"https:\/\/api.w.org\/{rel}","templated":true}]}}